{"id":756,"date":"2025-07-03T15:18:49","date_gmt":"2025-07-03T15:18:49","guid":{"rendered":"https:\/\/memoriedelmare.museodelmaretrieste.it\/insights\/elettra\/"},"modified":"2025-08-01T13:05:26","modified_gmt":"2025-08-01T13:05:26","slug":"elettra","status":"publish","type":"page","link":"https:\/\/memoriedelmare.museodelmaretrieste.it\/en\/insights\/elettra\/","title":{"rendered":"Elettra"},"content":{"rendered":"<p>[et_pb_section fb_built=&#8221;1&#8243; _builder_version=&#8221;4.27.4&#8243; _module_preset=&#8221;default&#8221; da_disable_devices=&#8221;off|off|off&#8221; global_colors_info=&#8221;{}&#8221; da_is_popup=&#8221;off&#8221; da_exit_intent=&#8221;off&#8221; da_has_close=&#8221;on&#8221; da_alt_close=&#8221;off&#8221; da_dark_close=&#8221;off&#8221; da_not_modal=&#8221;on&#8221; da_is_singular=&#8221;off&#8221; da_with_loader=&#8221;off&#8221; da_has_shadow=&#8221;on&#8221;][et_pb_row column_structure=&#8221;3_4,1_4&#8243; _builder_version=&#8221;4.27.4&#8243; _module_preset=&#8221;default&#8221; custom_margin=&#8221;0px||0px||false|false&#8221; custom_padding=&#8221;0px||0px||false|false&#8221; global_colors_info=&#8221;{}&#8221;][et_pb_column type=&#8221;3_4&#8243; _builder_version=&#8221;4.27.4&#8243; _module_preset=&#8221;default&#8221; global_colors_info=&#8221;{}&#8221;][dsm_breadcrumbs _builder_version=&#8221;4.27.4&#8243; _module_preset=&#8221;default&#8221; items_text_color=&#8221;gcid-e6a63fc6-294d-4c57-9e61-328d30549f17&#8243; separators_text_color=&#8221;#000000&#8243; current_text_color=&#8221;gcid-24212875-fa93-4a3b-a7b3-136244c5c7bb&#8221; global_colors_info=&#8221;{%22gcid-24212875-fa93-4a3b-a7b3-136244c5c7bb%22:%91%22current_text_color%22%93,%22gcid-e6a63fc6-294d-4c57-9e61-328d30549f17%22:%91%22items_text_color%22%93}&#8221;][\/dsm_breadcrumbs][\/et_pb_column][et_pb_column type=&#8221;1_4&#8243; _builder_version=&#8221;4.27.4&#8243; _module_preset=&#8221;default&#8221; global_colors_info=&#8221;{}&#8221;][et_pb_button button_url=&#8221;@ET-DC@eyJkeW5hbWljIjp0cnVlLCJjb250ZW50IjoicG9zdF9saW5rX3VybF9wYWdlIiwic2V0dGluZ3MiOnsicG9zdF9pZCI6IjEwIn19@&#8221; button_text=&#8221;Go back&#8221; button_alignment=&#8221;right&#8221; _builder_version=&#8221;4.27.4&#8243; _dynamic_attributes=&#8221;button_url&#8221; _module_preset=&#8221;default&#8221; custom_button=&#8221;on&#8221; button_text_size=&#8221;15px&#8221; button_text_color=&#8221;gcid-24212875-fa93-4a3b-a7b3-136244c5c7bb&#8221; global_colors_info=&#8221;{%22gcid-24212875-fa93-4a3b-a7b3-136244c5c7bb%22:%91%22button_text_color%22%93}&#8221;][\/et_pb_button][\/et_pb_column][\/et_pb_row][et_pb_row _builder_version=&#8221;4.27.4&#8243; _module_preset=&#8221;default&#8221; global_colors_info=&#8221;{}&#8221;][et_pb_column type=&#8221;4_4&#8243; _builder_version=&#8221;4.27.4&#8243; _module_preset=&#8221;default&#8221; global_colors_info=&#8221;{}&#8221;][et_pb_text _builder_version=&#8221;4.27.4&#8243; _module_preset=&#8221;default&#8221; global_colors_info=&#8221;{}&#8221;]<\/p>\n<p><strong><span style=\"color: #333333;\">Rovenska \u2013 Elettra. Memories from the Marconi\u2019s yacht <\/span><\/strong><\/p>\n<p>[\/et_pb_text][\/et_pb_column][\/et_pb_row][et_pb_row _builder_version=&#8221;4.27.4&#8243; _module_preset=&#8221;default&#8221; global_colors_info=&#8221;{}&#8221;][et_pb_column type=&#8221;4_4&#8243; _builder_version=&#8221;4.27.4&#8243; _module_preset=&#8221;default&#8221; global_colors_info=&#8221;{}&#8221;][et_pb_video src=&#8221;https:\/\/memoriedelmare.museodelmaretrieste.it\/wp-content\/uploads\/video\/elletra\/Rovenska_Monumento_diffuso.mp4&#8243; _builder_version=&#8221;4.27.4&#8243; _module_preset=&#8221;default&#8221; global_colors_info=&#8221;{}&#8221;][\/et_pb_video][\/et_pb_column][\/et_pb_row][et_pb_row _builder_version=&#8221;4.27.4&#8243; _module_preset=&#8221;default&#8221; global_colors_info=&#8221;{}&#8221;][et_pb_column type=&#8221;4_4&#8243; _builder_version=&#8221;4.27.4&#8243; _module_preset=&#8221;default&#8221; global_colors_info=&#8221;{}&#8221;][et_pb_text _builder_version=&#8221;4.27.4&#8243; _module_preset=&#8221;default&#8221; global_colors_info=&#8221;{}&#8221;]<\/p>\n<p><span style=\"color: #333333;\">The yacht Rovenska was launched in Leith (Edinburgh, Scotland) in 1904 by the Ramage &amp; Ferguson shipyard, which specialized in the construction of luxury yachts and had clients from European royal families, on behalf of Archduchess Maria Theresa of Austria Princess of Tuscany.<\/span><br \/><span style=\"color: #333333;\">Maria Theresa was born in Brand\u00fds nad Labem-Star\u00e1 Boleslav near Prague in 1862. She is the wife of Archduke Karl Stephan von Habsburg-Teschen Habsburg-Lothringen, Admiral of the Austro-Hungarian Imperial Navy, who was born in 1860 in Gro\u00df Seelowitz in Moravia, today \u017didlochovice, near Brno in the Czech Republic.<\/span><br \/><span style=\"color: #333333;\">The archdukes lived mainly in \u017bywiec (today in Poland), but also had a residence in Vienna and a summer house in Veli Lo\u0161inj (today in Croatia), overlooking Rovenska Bay, after which the yacht was named.<\/span><br \/><span style=\"color: #333333;\"><br \/>From 1904 to 1909, the Rovenska is noted in the Maritime Yearbook, published by the Imperial Maritime Government in Trieste, as being owned by the Archduchess, with the port of Veli Lo\u0161inj.<\/p>\n<p><\/span><span style=\"color: #333333;\"><\/span><\/p>\n<p>[\/et_pb_text][\/et_pb_column][\/et_pb_row][et_pb_row _builder_version=&#8221;4.27.4&#8243; _module_preset=&#8221;default&#8221; global_colors_info=&#8221;{}&#8221;][et_pb_column type=&#8221;4_4&#8243; _builder_version=&#8221;4.27.4&#8243; _module_preset=&#8221;default&#8221; global_colors_info=&#8221;{}&#8221;][et_pb_text _builder_version=&#8221;4.27.4&#8243; _module_preset=&#8221;default&#8221; global_colors_info=&#8221;{}&#8221;]<\/p>\n<p><span style=\"color: #333333;\">Carlo Stefano ha acquistato anche barche da regata e altri yacht a vapore quali l\u2019Ossero, il Waturus e l\u2019Ul, quest&#8217;ultimo fatto costruire da Ramage and Ferguson nel 1911.<\/span><br \/><span style=\"color: #333333;\">Il Rovenska viene venduto nel 1910 a Sir Max Waechter, uomo d&#8217;affari originario di Stettin (all\u2019epoca in Germania, oggi Szczecin in Polonia) naturalizzato inglese.<\/span><\/p>\n<p><span style=\"color: #333333;\"><br \/>in 1914, Sir Waechter sold the Rovenska to Gustavus Pratt, the owner of Cox &amp; King, the London and Wivenhoe, Essex-based company that specialised in the design, storage and brokerage of luxury yachts, the same company that had designed the Rovenska in 1904. The subsequent buyer was the Royal Navy. Armed with two 12-pounders, she was used as a patrol ship and minehunter in the English Channel and the North Sea during the Great War.<br \/>After the end of the war, the Rovenska was auctioned off and acquired by Guglielmo Marconi in 1919, who used it as a travelling laboratory for his experiments until his death in 1937. Purchased by the Ministry of Communications, the yacht was first moored in La Spezia and then moved to Trieste in 1940.    <\/span><br \/><span style=\"color: #333333;\"><br \/>In January 1944, the Elettra, then part of the German Navy&#8217;s Adriatic Fleet, was spotted by the Allied air forces north of Zadar in Diklo Bay. After a few hours, she was hit again by a British aircraft squadron. She remained on the shallow bottom of the bay, half-sunk, where she was soon stripped of everything that could be salvaged.  <\/span><\/p>\n<p>[\/et_pb_text][\/et_pb_column][\/et_pb_row][et_pb_row _builder_version=&#8221;4.27.4&#8243; _module_preset=&#8221;default&#8221; global_colors_info=&#8221;{}&#8221;][et_pb_column type=&#8221;4_4&#8243; _builder_version=&#8221;4.27.4&#8243; _module_preset=&#8221;default&#8221; global_colors_info=&#8221;{}&#8221;][et_pb_text _builder_version=&#8221;4.27.4&#8243; _module_preset=&#8221;default&#8221; global_colors_info=&#8221;{}&#8221;]<\/p>\n<p><span style=\"color: #333333;\"><br \/>In the late 1950s, negotiations began between the Italian and Yugoslavian governments regarding the return of the wreck to the Ministry of Postal Affairs. in 1962, the wreck was brought back to the surface and towed to the San Rocco shipyard in Muggia. In the meantime, the navy was commissioned to plan the reconstruction of the ship as a monument or museum. in 1973, the hull was drained so that the technical studies necessary for planning the reconstruction could be carried out, but the cost estimates exceeded the available funds and the work was not started. In 1977, it was finally decided to dismantle the wreck under the direction of the sculptor Marcello Mascherini. In the following years, parts of the Electra were placed in various locations, currently:     <\/span><\/p>\n<ul>\n<li><span style=\"color: #333333;\">the stern in the area adjoining the Telespazio Museum, Fucino Plain, Ortucchio (AQ);<\/span><\/li>\n<li><span style=\"color: #333333;\">the engine apparatus in the Ships Pavilion of the Naval Historical Museum in Venice;<\/span><\/li>\n<li><span style=\"color: #333333;\">the steam dynamo in the Museo Storico della Comunicazione in Rome;<\/span><\/li>\n<li><span style=\"color: #333333;\">seven hull frames at the Naval Technical Museum in La Spezia;<\/span><\/li>\n<li><span style=\"color: #333333;\">six hull frames are at Villa Griffone, Guglielmo Marconi Foundation, Pontecchio Marconi (BO);<\/span><\/li>\n<li><span style=\"color: #333333;\">a portion of the side is in the offices of Poste Italiane in Mestre, Venice.<\/span><\/li>\n<li><span style=\"color: #333333;\">In Trieste:<\/span><\/li>\n<li><span style=\"color: #333333;\">the Bilge Pump and some portholes in the Telegraph and Postal Museum of Mitteleuropa;<\/span><\/li>\n<li><span style=\"color: #333333;\">main masts and six ribs in the de Henriquez Museum;<\/span><\/li>\n<li><span style=\"color: #333333;\">a mast in St. John&#8217;s Park;<\/span><\/li>\n<li><span style=\"color: #333333;\">the prow at Area Science Park of Padriciano;<\/span><\/li>\n<li><span style=\"color: #333333;\">two hull frames and an anchor at the former Trieste Maritime Museum in Campo Marzio.<\/span><\/li>\n<\/ul>\n<p style=\"text-align: justify;\"><span style=\"color: #333333;\">The photos by Primoz Bizjak juxtapose black-and-white images of different segments of the hull of the yacht Elettra, photographed where they are now placed as monuments in public or museum spaces.<\/span><\/p>\n<p>[\/et_pb_text][\/et_pb_column][\/et_pb_row][et_pb_row column_structure=&#8221;1_3,1_3,1_3&#8243; _builder_version=&#8221;4.27.4&#8243; _module_preset=&#8221;default&#8221; global_colors_info=&#8221;{}&#8221;][et_pb_column type=&#8221;1_3&#8243; _builder_version=&#8221;4.27.4&#8243; _module_preset=&#8221;default&#8221; global_colors_info=&#8221;{}&#8221;][et_pb_image src=&#8221;https:\/\/memoriedelmare.museodelmaretrieste.it\/wp-content\/uploads\/2025\/07\/01-b-P.-Bizjak-Area-Scienze-ParkTrieste-2024.jpg&#8221; title_text=&#8221;01 b P. Bizjak, Area Scienze Park,Trieste, 2024&#8243; show_in_lightbox=&#8221;on&#8221; _builder_version=&#8221;4.27.4&#8243; _module_preset=&#8221;default&#8221; global_colors_info=&#8221;{}&#8221;][\/et_pb_image][et_pb_image src=&#8221;https:\/\/memoriedelmare.museodelmaretrieste.it\/wp-content\/uploads\/2025\/07\/02-P.-Bizjak-Museo-MAre-Trieste-2023.jpg&#8221; title_text=&#8221;02 P. Bizjak, Museo MAre, Trieste, 2023&#8243; show_in_lightbox=&#8221;on&#8221; _builder_version=&#8221;4.27.4&#8243; _module_preset=&#8221;default&#8221; global_colors_info=&#8221;{}&#8221;][\/et_pb_image][\/et_pb_column][et_pb_column type=&#8221;1_3&#8243; _builder_version=&#8221;4.27.4&#8243; _module_preset=&#8221;default&#8221; global_colors_info=&#8221;{}&#8221;][et_pb_image src=&#8221;https:\/\/memoriedelmare.museodelmaretrieste.it\/wp-content\/uploads\/2025\/07\/01-P.-Bizjak-Area-Scienze-ParkTrieste-2024-scaled.jpg&#8221; title_text=&#8221;01 P. Bizjak, Area Scienze Park,Trieste, 2024&#8243; show_in_lightbox=&#8221;on&#8221; align=&#8221;center&#8221; _builder_version=&#8221;4.27.4&#8243; _module_preset=&#8221;default&#8221; height=&#8221;450px&#8221; custom_margin=&#8221;||6px|||&#8221; custom_padding=&#8221;||0px|||&#8221; global_colors_info=&#8221;{}&#8221;][\/et_pb_image][\/et_pb_column][et_pb_column type=&#8221;1_3&#8243; _builder_version=&#8221;4.27.4&#8243; _module_preset=&#8221;default&#8221; global_colors_info=&#8221;{}&#8221;][et_pb_image src=&#8221;https:\/\/memoriedelmare.museodelmaretrieste.it\/wp-content\/uploads\/2025\/07\/03-P.-Bizjak-Sasso-Marconi-2024.jpg&#8221; title_text=&#8221;03 P. Bizjak, Sasso Marconi, 2024&#8243; show_in_lightbox=&#8221;on&#8221; align=&#8221;center&#8221; _builder_version=&#8221;4.27.4&#8243; _module_preset=&#8221;default&#8221; height=&#8221;450px&#8221; global_colors_info=&#8221;{}&#8221;][\/et_pb_image][\/et_pb_column][\/et_pb_row][et_pb_row column_structure=&#8221;1_3,1_3,1_3&#8243; _builder_version=&#8221;4.27.4&#8243; _module_preset=&#8221;default&#8221; global_colors_info=&#8221;{}&#8221;][et_pb_column type=&#8221;1_3&#8243; _builder_version=&#8221;4.27.4&#8243; _module_preset=&#8221;default&#8221; global_colors_info=&#8221;{}&#8221;][et_pb_image src=&#8221;https:\/\/memoriedelmare.museodelmaretrieste.it\/wp-content\/uploads\/2025\/07\/04-P.-Bizjak-Museo-Navale-Spezia-2024.jpg&#8221; title_text=&#8221;04 P. Bizjak, Museo Navale, Spezia, 2024&#8243; show_in_lightbox=&#8221;on&#8221; _builder_version=&#8221;4.27.4&#8243; _module_preset=&#8221;default&#8221; global_colors_info=&#8221;{}&#8221;][\/et_pb_image][et_pb_image src=&#8221;https:\/\/memoriedelmare.museodelmaretrieste.it\/wp-content\/uploads\/2025\/07\/10-P.-Bizjak-HemriquezTrieste-2024.jpg&#8221; title_text=&#8221;10 P. Bizjak, Hemriquez,Trieste, 2024&#8243; show_in_lightbox=&#8221;on&#8221; _builder_version=&#8221;4.27.4&#8243; _module_preset=&#8221;default&#8221; global_colors_info=&#8221;{}&#8221;][\/et_pb_image][\/et_pb_column][et_pb_column type=&#8221;1_3&#8243; _builder_version=&#8221;4.27.4&#8243; _module_preset=&#8221;default&#8221; global_colors_info=&#8221;{}&#8221;][et_pb_image src=&#8221;https:\/\/memoriedelmare.museodelmaretrieste.it\/wp-content\/uploads\/2025\/07\/08-P.-Bizjak-Museo-Mare-Trieste-2024.jpg&#8221; title_text=&#8221;08 P. Bizjak, Museo Mare, Trieste, 2024&#8243; show_in_lightbox=&#8221;on&#8221; align=&#8221;center&#8221; _builder_version=&#8221;4.27.4&#8243; _module_preset=&#8221;default&#8221; height=&#8221;438px&#8221; global_colors_info=&#8221;{}&#8221;][\/et_pb_image][\/et_pb_column][et_pb_column type=&#8221;1_3&#8243; _builder_version=&#8221;4.27.4&#8243; _module_preset=&#8221;default&#8221; global_colors_info=&#8221;{}&#8221;][et_pb_image src=&#8221;https:\/\/memoriedelmare.museodelmaretrieste.it\/wp-content\/uploads\/2025\/07\/09-P.-Bizjak-Museo-ComunicazioneRoma-2024.jpg&#8221; title_text=&#8221;09 P. Bizjak, Museo Comunicazione,Roma, 2024&#8243; show_in_lightbox=&#8221;on&#8221; align=&#8221;center&#8221; _builder_version=&#8221;4.27.4&#8243; _module_preset=&#8221;default&#8221; height=&#8221;444px&#8221; global_colors_info=&#8221;{}&#8221;][\/et_pb_image][\/et_pb_column][\/et_pb_row][\/et_pb_section]<\/p>\n","protected":false},"excerpt":{"rendered":"<p><div class=\"et_pb_module dsm_breadcrumbs dsm_breadcrumbs_0\">\n\t\t\t\t\n\t\t\t\t\n\t\t\t\t\n\t\t\t\t\n\t\t\t\t\n\t\t\t\t\n\t\t\t\t<div class=\"et_pb_module_inner\">\n\t\t\t\t\t<nav class=\"dsm_breadcrumbs_wrap\">\n\t\t\t\t<ul class=\"dsm_breadcrumbs\" itemscope itemtype=\"https:\/\/schema.org\/BreadcrumbList\">\t\t\t<li class=\"dsm_breadcrumbs_item dsm_home_item dsm_home_item_custom\" itemprop=\"itemListElement\" itemscope\n\t\t\titemtype=\"https:\/\/schema.org\/ListItem\">\n\t\t\t\t<a href=\"https:\/\/memoriedelmare.museodelmaretrieste.it\/en\/\" itemprop=\"item\" target=\"\">\n\t\t\t\t\t<span class='dsm_home_text_wrapper'>\n\t\t\t\t\t\t\t\t\t\t\t\t\t<span class=\"et-pb-icon dsm_home_icon\">\ue009<\/span>\n\t\t\t\t\t\t\t\t\t\t\t\t\t<span class=\"dsm_home_text\" itemprop=\"name\">\n\t\t\t\t\t\t\t\tHome\t\t\t\t\t\t\t<\/span>\n\t\t\t\t\t<\/span>\n\t\t\t\t<\/a>\n\t\t\t\t<meta itemprop=\"position\" content=\"1\" \/>\n\t\t\t<\/li>\n\n\t\t<li class=\"dsm_breadcrumbs_separator\"> <span class=\"et-pb-icon dsm_separator_icon\">5<\/span><\/li><\/ul>\n\t\t\t<\/nav>\n\t\t\t\t<\/div>\n\t\t\t<\/div>Rovenska \u2013 Elettra. Memories from the Marconi\u2019s yacht The yacht Rovenska was launched in Leith (Edinburgh, Scotland) in 1904 by the Ramage &amp; Ferguson shipyard, which specialized in the construction of luxury yachts and had clients from European royal families, on behalf of Archduchess Maria Theresa of Austria Princess of Tuscany.Maria Theresa was born in Brand\u00fds nad Labem-Star\u00e1 Boleslav near Prague in 1862. She is the wife of Archduke Karl Stephan von Habsburg-Teschen Habsburg-Lothringen, Admiral of the Austro-Hungarian Imperial Navy, who was born in 1860 in Gro\u00df Seelowitz in Moravia, today \u017didlochovice, near Brno in the Czech Republic.The archdukes lived mainly in \u017bywiec (today in Poland), but also had a residence in Vienna and a summer house in Veli Lo\u0161inj (today in Croatia), overlooking Rovenska Bay, after which the yacht was named.From 1904 to 1909, the Rovenska is noted in the Maritime Yearbook, published by the Imperial Maritime Government in Trieste, as being owned by the Archduchess, with the port of Veli Lo\u0161inj.Carlo Stefano ha acquistato anche barche da regata e altri yacht a vapore quali l\u2019Ossero, il Waturus e l\u2019Ul, quest&#8217;ultimo fatto costruire da Ramage and Ferguson nel 1911.Il Rovenska viene venduto nel [&hellip;]<\/p>\n","protected":false},"author":1,"featured_media":0,"parent":740,"menu_order":0,"comment_status":"closed","ping_status":"closed","template":"","meta":{"_et_pb_use_builder":"on","_et_pb_old_content":"","_et_gb_content_width":"","footnotes":""},"class_list":["post-756","page","type-page","status-publish","hentry"],"_links":{"self":[{"href":"https:\/\/memoriedelmare.museodelmaretrieste.it\/en\/wp-json\/wp\/v2\/pages\/756","targetHints":{"allow":["GET"]}}],"collection":[{"href":"https:\/\/memoriedelmare.museodelmaretrieste.it\/en\/wp-json\/wp\/v2\/pages"}],"about":[{"href":"https:\/\/memoriedelmare.museodelmaretrieste.it\/en\/wp-json\/wp\/v2\/types\/page"}],"author":[{"embeddable":true,"href":"https:\/\/memoriedelmare.museodelmaretrieste.it\/en\/wp-json\/wp\/v2\/users\/1"}],"replies":[{"embeddable":true,"href":"https:\/\/memoriedelmare.museodelmaretrieste.it\/en\/wp-json\/wp\/v2\/comments?post=756"}],"version-history":[{"count":5,"href":"https:\/\/memoriedelmare.museodelmaretrieste.it\/en\/wp-json\/wp\/v2\/pages\/756\/revisions"}],"predecessor-version":[{"id":891,"href":"https:\/\/memoriedelmare.museodelmaretrieste.it\/en\/wp-json\/wp\/v2\/pages\/756\/revisions\/891"}],"up":[{"embeddable":true,"href":"https:\/\/memoriedelmare.museodelmaretrieste.it\/en\/wp-json\/wp\/v2\/pages\/740"}],"wp:attachment":[{"href":"https:\/\/memoriedelmare.museodelmaretrieste.it\/en\/wp-json\/wp\/v2\/media?parent=756"}],"curies":[{"name":"wp","href":"https:\/\/api.w.org\/{rel}","templated":true}]}}